{"id":40,"date":"2015-01-24T15:32:09","date_gmt":"2015-01-24T15:32:09","guid":{"rendered":"http:\/\/imicreationlive.com\/adore-church\/?page_id=40"},"modified":"2018-10-11T07:24:04","modified_gmt":"2018-10-11T07:24:04","slug":"overview","status":"publish","type":"page","link":"http:\/\/fevivaencristo.org\/hp_wordpress\/","title":{"rendered":"BIENVENIDOS:"},"content":{"rendered":"<p>PORQUE NO PODEMOS DEJAR DE DECIR LO QUE HEMOS VISTO Y OIDO.<br \/>\n-HECHOS 4:20<\/p>\n<p>Somos una iglesia que inicio hace 13 a\u00f1os en Palmdale, California. Creemos que el mismo Dios de ayer, como lo es hoy y que sera el mismo para las generaciones futuras. Es el que nos ha permitido ahora tener un lugar estable en donde podemos exponer la palabra de Dios.Creemos en que la palabra es suficiente no solo para dirigir la vida del hombre, pero es tambi\u00e9n suficiente para los problemas diarios. <\/p>\n<p>Trabajamos atravez de grupos familiares en donde nuestro objetivo es de invitar familias a escuchar el mensaje de Dios. Los grupos familiares son compuestos de un l\u00edder, anfitriones y ayudas. Creemos que es un metodo de Dios para alcanzar muchas familias en estos tiempos finales. El tener familias estables y nutridas por la palabra resultara en hijos saludables y aquellos tomaran nuestros lugares en el futuro. El invertir en los j\u00f3venes trae mayor bendici\u00f3n pues son aquellos hombres y mujeres que no solo impactaran una congregaci\u00f3n sino tambi\u00e9n en el \u00e1mbito comunitario y social.<\/p>\n<p>De esta manera fortaleciendo el vinculo del amor a trav\u00e9s de comuni\u00f3n, disimulado, atencion, consolaci\u00f3n y crecimiento estamos cumpliendo el mandato De Dios.<\/p>\n","protected":false},"excerpt":{"rendered":"<p>PORQUE NO PODEMOS DEJAR DE DECIR LO QUE HEMOS VISTO Y OIDO. -HECHOS 4:20 Somos una iglesia que inicio hace 13 a\u00f1os en Palmdale, California. Creemos que el mismo Dios de ayer, como lo es hoy y que sera el mismo para las generaciones futuras. Es el que nos ha permitido ahora tener un lugar &hellip; <a href=\"http:\/\/fevivaencristo.org\/hp_wordpress\/\" class=\"more-link\">Continue reading<span class=\"screen-reader-text\"> &#8220;BIENVENIDOS:&#8221;<\/span><\/a><\/p>\n","protected":false},"author":1,"featured_media":0,"parent":0,"menu_order":0,"comment_status":"open","ping_status":"open","template":"","meta":{"footnotes":""},"yoast_head":"<!-- This site is optimized with the Yoast SEO plugin v21.5 - https:\/\/yoast.com\/wordpress\/plugins\/seo\/ -->\n<title>BIENVENIDOS: - Ministerio Fe Viva En Cristo<\/title>\n<meta name=\"robots\" content=\"index, follow, max-snippet:-1, max-image-preview:large, max-video-preview:-1\" \/>\n<link rel=\"canonical\" href=\"http:\/\/fevivaencristo.org\/hp_wordpress\/\" \/>\n<meta property=\"og:locale\" content=\"en_US\" \/>\n<meta property=\"og:type\" content=\"article\" \/>\n<meta property=\"og:title\" content=\"BIENVENIDOS: - Ministerio Fe Viva En Cristo\" \/>\n<meta property=\"og:description\" content=\"PORQUE NO PODEMOS DEJAR DE DECIR LO QUE HEMOS VISTO Y OIDO. -HECHOS 4:20 Somos una iglesia que inicio hace 13 a\u00f1os en Palmdale, California. Creemos que el mismo Dios de ayer, como lo es hoy y que sera el mismo para las generaciones futuras. Es el que nos ha permitido ahora tener un lugar &hellip; Continue reading &quot;BIENVENIDOS:&quot;\" \/>\n<meta property=\"og:url\" content=\"http:\/\/fevivaencristo.org\/hp_wordpress\/\" \/>\n<meta property=\"og:site_name\" content=\"Ministerio Fe Viva En Cristo\" \/>\n<meta property=\"article:modified_time\" content=\"2018-10-11T07:24:04+00:00\" \/>\n<meta name=\"twitter:card\" content=\"summary_large_image\" \/>\n<meta name=\"twitter:label1\" content=\"Est. reading time\" \/>\n\t<meta name=\"twitter:data1\" content=\"1 minute\" \/>\n<script type=\"application\/ld+json\" class=\"yoast-schema-graph\">{\"@context\":\"https:\/\/schema.org\",\"@graph\":[{\"@type\":\"WebPage\",\"@id\":\"http:\/\/fevivaencristo.org\/hp_wordpress\/\",\"url\":\"http:\/\/fevivaencristo.org\/hp_wordpress\/\",\"name\":\"BIENVENIDOS: - Ministerio Fe Viva En Cristo\",\"isPartOf\":{\"@id\":\"http:\/\/fevivaencristo.org\/hp_wordpress\/#website\"},\"datePublished\":\"2015-01-24T15:32:09+00:00\",\"dateModified\":\"2018-10-11T07:24:04+00:00\",\"breadcrumb\":{\"@id\":\"http:\/\/fevivaencristo.org\/hp_wordpress\/#breadcrumb\"},\"inLanguage\":\"en-US\",\"potentialAction\":[{\"@type\":\"ReadAction\",\"target\":[\"http:\/\/fevivaencristo.org\/hp_wordpress\/\"]}]},{\"@type\":\"BreadcrumbList\",\"@id\":\"http:\/\/fevivaencristo.org\/hp_wordpress\/#breadcrumb\",\"itemListElement\":[{\"@type\":\"ListItem\",\"position\":1,\"name\":\"Home\",\"item\":\"http:\/\/fevivaencristo.org\/hp_wordpress\/\"},{\"@type\":\"ListItem\",\"position\":2,\"name\":\"BIENVENIDOS:\"}]},{\"@type\":\"WebSite\",\"@id\":\"http:\/\/fevivaencristo.org\/hp_wordpress\/#website\",\"url\":\"http:\/\/fevivaencristo.org\/hp_wordpress\/\",\"name\":\"Ministerio Fe Viva En Cristo\",\"description\":\"Palmdale, California\",\"potentialAction\":[{\"@type\":\"SearchAction\",\"target\":{\"@type\":\"EntryPoint\",\"urlTemplate\":\"http:\/\/fevivaencristo.org\/hp_wordpress\/?s={search_term_string}\"},\"query-input\":\"required name=search_term_string\"}],\"inLanguage\":\"en-US\"}]}<\/script>\n<!-- \/ Yoast SEO plugin. -->","yoast_head_json":{"title":"BIENVENIDOS: - Ministerio Fe Viva En Cristo","robots":{"index":"index","follow":"follow","max-snippet":"max-snippet:-1","max-image-preview":"max-image-preview:large","max-video-preview":"max-video-preview:-1"},"canonical":"http:\/\/fevivaencristo.org\/hp_wordpress\/","og_locale":"en_US","og_type":"article","og_title":"BIENVENIDOS: - Ministerio Fe Viva En Cristo","og_description":"PORQUE NO PODEMOS DEJAR DE DECIR LO QUE HEMOS VISTO Y OIDO. -HECHOS 4:20 Somos una iglesia que inicio hace 13 a\u00f1os en Palmdale, California. Creemos que el mismo Dios de ayer, como lo es hoy y que sera el mismo para las generaciones futuras. Es el que nos ha permitido ahora tener un lugar &hellip; Continue reading \"BIENVENIDOS:\"","og_url":"http:\/\/fevivaencristo.org\/hp_wordpress\/","og_site_name":"Ministerio Fe Viva En Cristo","article_modified_time":"2018-10-11T07:24:04+00:00","twitter_card":"summary_large_image","twitter_misc":{"Est. reading time":"1 minute"},"schema":{"@context":"https:\/\/schema.org","@graph":[{"@type":"WebPage","@id":"http:\/\/fevivaencristo.org\/hp_wordpress\/","url":"http:\/\/fevivaencristo.org\/hp_wordpress\/","name":"BIENVENIDOS: - Ministerio Fe Viva En Cristo","isPartOf":{"@id":"http:\/\/fevivaencristo.org\/hp_wordpress\/#website"},"datePublished":"2015-01-24T15:32:09+00:00","dateModified":"2018-10-11T07:24:04+00:00","breadcrumb":{"@id":"http:\/\/fevivaencristo.org\/hp_wordpress\/#breadcrumb"},"inLanguage":"en-US","potentialAction":[{"@type":"ReadAction","target":["http:\/\/fevivaencristo.org\/hp_wordpress\/"]}]},{"@type":"BreadcrumbList","@id":"http:\/\/fevivaencristo.org\/hp_wordpress\/#breadcrumb","itemListElement":[{"@type":"ListItem","position":1,"name":"Home","item":"http:\/\/fevivaencristo.org\/hp_wordpress\/"},{"@type":"ListItem","position":2,"name":"BIENVENIDOS:"}]},{"@type":"WebSite","@id":"http:\/\/fevivaencristo.org\/hp_wordpress\/#website","url":"http:\/\/fevivaencristo.org\/hp_wordpress\/","name":"Ministerio Fe Viva En Cristo","description":"Palmdale, California","potentialAction":[{"@type":"SearchAction","target":{"@type":"EntryPoint","urlTemplate":"http:\/\/fevivaencristo.org\/hp_wordpress\/?s={search_term_string}"},"query-input":"required name=search_term_string"}],"inLanguage":"en-US"}]}},"_links":{"self":[{"href":"http:\/\/fevivaencristo.org\/hp_wordpress\/wp-json\/wp\/v2\/pages\/40"}],"collection":[{"href":"http:\/\/fevivaencristo.org\/hp_wordpress\/wp-json\/wp\/v2\/pages"}],"about":[{"href":"http:\/\/fevivaencristo.org\/hp_wordpress\/wp-json\/wp\/v2\/types\/page"}],"author":[{"embeddable":true,"href":"http:\/\/fevivaencristo.org\/hp_wordpress\/wp-json\/wp\/v2\/users\/1"}],"replies":[{"embeddable":true,"href":"http:\/\/fevivaencristo.org\/hp_wordpress\/wp-json\/wp\/v2\/comments?post=40"}],"version-history":[{"count":3,"href":"http:\/\/fevivaencristo.org\/hp_wordpress\/wp-json\/wp\/v2\/pages\/40\/revisions"}],"predecessor-version":[{"id":678,"href":"http:\/\/fevivaencristo.org\/hp_wordpress\/wp-json\/wp\/v2\/pages\/40\/revisions\/678"}],"wp:attachment":[{"href":"http:\/\/fevivaencristo.org\/hp_wordpress\/wp-json\/wp\/v2\/media?parent=40"}],"curies":[{"name":"wp","href":"https:\/\/api.w.org\/{rel}","templated":true}]}}